{"id":9593,"date":"2017-02-08T09:48:39","date_gmt":"2017-02-08T09:48:39","guid":{"rendered":"https:\/\/fidex.com.mx\/contact\/"},"modified":"2026-01-15T21:44:56","modified_gmt":"2026-01-15T21:44:56","slug":"contact","status":"publish","type":"page","link":"https:\/\/www.fidex.com.mx\/en\/contact\/","title":{"rendered":"Contact"},"content":{"rendered":"<div class=\"wpb-content-wrapper\"><p>[vc_row css=&#8221;.vc_custom_1715987398251{margin-bottom: 20px !important;padding-top: 45px !important;}&#8221;][vc_column css=&#8221;.vc_custom_1737698561202{margin-bottom: 30px !important;}&#8221; offset=&#8221;vc_col-md-offset-1 vc_col-md-10&#8243;][vc_custom_heading stripe_pos=&#8221;hide&#8221; stm_title_font_weight=&#8221;700&#8243; text=&#8221;How can we help you?&#8221; font_container=&#8221;tag:h4|font_size:40px|text_align:left|line_height:51px&#8221; use_theme_fonts=&#8221;yes&#8221; css=&#8221;.vc_custom_1715987427353{margin-bottom: 40px !important;}&#8221;]\n<div class=\"wpcf7 no-js\" id=\"wpcf7-f9598-o1\" lang=\"en-US\" dir=\"ltr\" data-wpcf7-id=\"9598\">\n<div class=\"screen-reader-response\"><p role=\"status\" aria-live=\"polite\" aria-atomic=\"true\"><\/p> <ul><\/ul><\/div>\n<form action=\"\/en\/wp-json\/wp\/v2\/pages\/9593#wpcf7-f9598-o1\" method=\"post\" class=\"wpcf7-form init\" aria-label=\"Contact form\" novalidate=\"novalidate\" data-status=\"init\">\n<div style=\"display: none;\">\n<input type=\"hidden\" name=\"_wpcf7\" value=\"9598\" \/>\n<input type=\"hidden\" name=\"_wpcf7_version\" value=\"6.0.5\" \/>\n<input type=\"hidden\" name=\"_wpcf7_locale\" value=\"en_US\" \/>\n<input type=\"hidden\" name=\"_wpcf7_unit_tag\" value=\"wpcf7-f9598-o1\" \/>\n<input type=\"hidden\" name=\"_wpcf7_container_post\" value=\"0\" \/>\n<input type=\"hidden\" name=\"_wpcf7_posted_data_hash\" value=\"\" \/>\n<\/div>\n<div class=\"request_callback\">\n    <div class=\"row\">\n        <div class=\"col-lg-6 col-md-6 col-sm-6 col-xs-12\">\n            <div class=\"input-group\">\n                <span class=\"wpcf7-form-control-wrap\" data-name=\"text-name\"><input size=\"40\" maxlength=\"400\" class=\"wpcf7-form-control wpcf7-text wpcf7-validates-as-required\" aria-required=\"true\" aria-invalid=\"false\" placeholder=\"Name *\" value=\"\" type=\"text\" name=\"text-name\" \/><\/span>\n            <\/div>\n            <div class=\"input-group\">\n                <span class=\"wpcf7-form-control-wrap\" data-name=\"tel-360\"><input size=\"40\" maxlength=\"400\" class=\"wpcf7-form-control wpcf7-tel wpcf7-text wpcf7-validates-as-tel\" aria-invalid=\"false\" placeholder=\"Phone\" value=\"\" type=\"tel\" name=\"tel-360\" \/><\/span>\n            <\/div>\n            <div class=\"input-group\">\n                <span class=\"wpcf7-form-control-wrap\" data-name=\"email\"><input size=\"40\" maxlength=\"400\" class=\"wpcf7-form-control wpcf7-email wpcf7-validates-as-required wpcf7-text wpcf7-validates-as-email\" aria-required=\"true\" aria-invalid=\"false\" placeholder=\"E-Mail *\" value=\"\" type=\"email\" name=\"email\" \/><\/span>\n            <\/div>\n            <div class=\"input-group\">\n                <span class=\"wpcf7-form-control-wrap\" data-name=\"company\"><input size=\"40\" maxlength=\"400\" class=\"wpcf7-form-control wpcf7-text\" aria-invalid=\"false\" placeholder=\"Company\" value=\"\" type=\"text\" name=\"company\" \/><\/span>\n            <\/div>\n        <\/div>\n        <div class=\"col-lg-6 col-md-6 col-sm-6 col-xs-12\">\n            <div class=\"input-group\">\n                <span class=\"wpcf7-form-control-wrap\" data-name=\"menu-363\"><select class=\"wpcf7-form-control wpcf7-select wpcf7-validates-as-required\" aria-required=\"true\" aria-invalid=\"false\" name=\"menu-363\"><option value=\"\">Service of Interest *<\/option><option value=\"Employee benefits\">Employee benefits<\/option><option value=\"Business lines\">Business lines<\/option><option value=\"Bonds\">Bonds<\/option><option value=\"Personal lines\">Personal lines<\/option><\/select><\/span>\n            <\/div>\n            <div class=\"input-group\">\n                <span class=\"wpcf7-form-control-wrap\" data-name=\"message\"><textarea cols=\"40\" rows=\"10\" maxlength=\"2000\" class=\"wpcf7-form-control wpcf7-textarea wpcf7-validates-as-required\" aria-required=\"true\" aria-invalid=\"false\" placeholder=\"Message *\" name=\"message\"><\/textarea><\/span>\n            <\/div>\n            <div class=\"input-group\">\n                <button type=\"submit\" class=\"button size-lg icon_right\">Send <i class=\"fa fa-chevron-right\"><\/i><\/button>\n            <\/div>\n        <\/div>\n    <\/div>\n<\/div><div class=\"wpcf7-response-output\" aria-hidden=\"true\"><\/div>\n<\/form>\n<\/div>\n[\/vc_column][\/vc_row][vc_row full_width=&#8221;stretch_row&#8221; css=&#8221;.vc_custom_1737698789056{margin-bottom: 0px !important;padding-top: 50px !important;padding-bottom: 50px !important;background-image: url(https:\/\/www.fidex.com.mx\/wp-content\/uploads\/2025\/01\/bjdatos3.jpg?id=9812) !important;background-position: center !important;background-repeat: no-repeat !important;background-size: cover !important;}&#8221;][vc_column offset=&#8221;vc_col-md-offset-1 vc_col-md-10&#8243;][vc_row_inner equal_height=&#8221;yes&#8221; content_placement=&#8221;middle&#8221; css=&#8221;.vc_custom_1737698829620{padding-top: 10px !important;padding-right: 15px !important;padding-bottom: 10px !important;padding-left: 15px !important;background-color: #ffffff !important;border-radius: 10px !important;border-color: #ffffff !important;}&#8221;][vc_column_inner width=&#8221;1\/3&#8243;][vc_custom_heading stripe_pos=&#8221;hide&#8221; stm_title_font_weight=&#8221;700&#8243; text=&#8221;Monterrey&#8221; font_container=&#8221;tag:h5|font_size:32px|text_align:left|line_height:36px&#8221; use_theme_fonts=&#8221;yes&#8221; css=&#8221;.vc_custom_1737699133323{margin-bottom: 40px !important;}&#8221;][stm_contacts_widget style=&#8221;style_4&#8243; email=&#8221;contacto@fidex.com.mx&#8221; address=&#8221;Av. Arq. Pedro Ram\u00edrez V\u00e1zquez 200-8 Piso 9, Col. Valle Oriente, 66269, San Pedro Garza Garc\u00eda, N.L. M\u00e9xico&#8221; phone=&#8221;52 (81) 8133 6100&#8243;][\/vc_column_inner][vc_column_inner width=&#8221;2\/3&#8243;][vc_gmaps link=&#8221;#E-8_JTNDaWZyYW1lJTIwJTBBJTIwJTIwJTIwJTIwc3JjJTNEJTIyaHR0cHMlM0ElMkYlMkZ3d3cuZ29vZ2xlLmNvbSUyRm1hcHMlMkZlbWJlZCUzRnBiJTNEJTIxMW0xOCUyMTFtMTIlMjExbTMlMjExZDM2MjAuMTYzMzA2MTUxMDIxJTIxMmQtMTAwLjMyMTcwMzklMjEzZDI1LjY0MDY4MDYlMjEybTMlMjExZjAlMjEyZjAlMjEzZjAlMjEzbTIlMjExaTEwMjQlMjEyaTc2OCUyMTRmMTMuMSUyMTNtMyUyMTFtMiUyMTFzMHg4NjYyOTdjNDI0NWUxZTY3JTI1M0EweGU4ZmRhZTk1ZTdjZmY5ZjklMjEyc0ZpZGV4JTIxNWUwJTIxM20yJTIxMXNlcy00MTklMjEyc214JTIxNHYxNjgzMDUxMjM0NTY3JTIxNW0yJTIxMXNlcy00MTklMjEyc214JTIyJTIwJTBBJTIwJTIwJTIwJTIwd2lkdGglM0QlMjIxMDAlMjUlMjIlMjAlMEElMjAlMjAlMjAlMjBoZWlnaHQlM0QlMjIzODJweCUyMiUyMCUwQSUyMCUyMCUyMCUyMGZyYW1lYm9yZGVyJTNEJTIyMCUyMiUyMCUwQSUyMCUyMCUyMCUyMHN0eWxlJTNEJTIyYm9yZGVyJTNBMCUyMiUyMCUwQSUyMCUyMCUyMCUyMGFsbG93ZnVsbHNjcmVlbiUzRSUwQSUzQyUyRmlmcmFtZSUzRSUwQQ==&#8221; size=&#8221;&#8221; css=&#8221;&#8221;][\/vc_column_inner][\/vc_row_inner][vc_separator][vc_row_inner equal_height=&#8221;yes&#8221; content_placement=&#8221;middle&#8221; css=&#8221;.vc_custom_1737698829620{padding-top: 10px !important;padding-right: 15px !important;padding-bottom: 10px !important;padding-left: 15px !important;background-color: #ffffff !important;border-radius: 10px !important;border-color: #ffffff !important;}&#8221;][vc_column_inner width=&#8221;1\/3&#8243;][vc_custom_heading stripe_pos=&#8221;hide&#8221; stm_title_font_weight=&#8221;700&#8243; text=&#8221;CDMX&#8221; font_container=&#8221;tag:h5|font_size:32px|text_align:left|line_height:36px&#8221; use_theme_fonts=&#8221;yes&#8221; css=&#8221;.vc_custom_1737699056202{margin-bottom: 40px !important;}&#8221;][stm_contacts_widget style=&#8221;style_4&#8243; email=&#8221;contacto@fidex.com.mx&#8221; address=&#8221;Paseo de la Reforma 180, P12-A Colonia Ju\u00e1rez, Cuauht\u00e9moc CDMX CP: 06660&#8243; phone=&#8221;(55) 8978 4515&#8243;][\/vc_column_inner][vc_column_inner width=&#8221;2\/3&#8243;][vc_gmaps link=&#8221;#E-8_JTNDaWZyYW1lJTIwJTBBJTIwJTIwJTIwJTIwc3JjJTNEJTIyaHR0cHMlM0ElMkYlMkZ3d3cuZ29vZ2xlLmNvbSUyRm1hcHMlMkZlbWJlZCUzRnBiJTNEJTIxMW0xOCUyMTFtMTIlMjExbTMlMjExZDc5MC45OTAyMTc1NTg0MjExJTIxMmQtOTkuMTYxMTA5NjA5MTk2NDQlMjEzZDE5LjQyOTQ3NTA4MzIzMDY1JTIxMm0zJTIxMWYwJTIxMmYwJTIxM2YwJTIxM20yJTIxMWkxMDI0JTIxMmk3NjglMjE0ZjEzLjElMjEzbTMlMjExbTIlMjExczB4ODVkMWZmMzMwYzUwZTIxNyUyNTNBMHhmYjhjZWIyODY2OTk2NjczJTIxMnNBdi4lMjUyMFAuJTI1QzIlMjVCQSUyNTIwZGUlMjUyMGxhJTI1MjBSZWZvcm1hJTI1MjAxODAtcDEyJTI1MjBhJTI1MkMlMjUyMEp1JTI1QzMlMjVBMXJleiUyNTJDJTI1MjBDdWF1aHQlMjVDMyUyNUE5bW9jJTI1MkMlMjUyMDA2NjAwJTI1MjBDaXVkYWQlMjUyMGRlJTI1MjBNJTI1QzMlMjVBOXhpY28lMjUyQyUyNTIwQ0RNWCUyMTVlMCUyMTNtMiUyMTFzZXMtNDE5JTIxMnNteCUyMTR2MTczNzc0MjgwNTQwNSUyMTVtMiUyMTFzZXMtNDE5JTIxMnNteCUyMiUyMCUwQSUyMCUyMCUyMCUyMHdpZHRoJTNEJTIyMTAwJTI1JTIyJTIwJTBBJTIwJTIwJTIwJTIwaGVpZ2h0JTNEJTIyMzgycHglMjIlMjAlMEElMjAlMjAlMjAlMjBmcmFtZWJvcmRlciUzRCUyMjAlMjIlMjAlMEElMjAlMjAlMjAlMjBzdHlsZSUzRCUyMmJvcmRlciUzQTAlMjIlMjAlMEElMjAlMjAlMjAlMjBhbGxvd2Z1bGxzY3JlZW4lM0UlMEElM0MlMkZpZnJhbWUlM0U=&#8221; size=&#8221;&#8221; css=&#8221;&#8221;][\/vc_column_inner][\/vc_row_inner][\/vc_column][\/vc_row]<\/p>\n<\/div>","protected":false},"excerpt":{"rendered":"<p>[vc_row css=&#8221;.vc_custom_1715987398251{margin-bottom: 20px !important;padding-top: 45px !important;}&#8221;][vc_column css=&#8221;.vc_custom_1737698561202{margin-bottom: 30px !important;}&#8221; offset=&#8221;vc_col-md-offset-1 vc_col-md-10&#8243;][vc_custom_heading stripe_pos=&#8221;hide&#8221; stm_title_font_weight=&#8221;700&#8243; text=&#8221;How can we help you?&#8221; font_container=&#8221;tag:h4|font_size:40px|text_align:left|line_height:51px&#8221; use_theme_fonts=&#8221;yes&#8221; css=&#8221;.vc_custom_1715987427353{margin-bottom: 40px !important;}&#8221;][\/vc_column][\/vc_row][vc_row full_width=&#8221;stretch_row&#8221; css=&#8221;.vc_custom_1737698789056{margin-bottom: 0px !important;padding-top: 50px !important;padding-bottom: 50px !important;background-image: url(https:\/\/www.fidex.com.mx\/wp-content\/uploads\/2025\/01\/bjdatos3.jpg?id=9812) !important;background-position: center !important;background-repeat: no-repeat !important;background-size: cover !important;}&#8221;][vc_column offset=&#8221;vc_col-md-offset-1 vc_col-md-10&#8243;][vc_row_inner equal_height=&#8221;yes&#8221; content_placement=&#8221;middle&#8221; css=&#8221;.vc_custom_1737698829620{padding-top: 10px !important;padding-right: 15px !important;padding-bottom: 10px !important;padding-left: 15px !important;background-color: #ffffff !important;border-radius: 10px<\/p>\n","protected":false},"author":1,"featured_media":0,"parent":0,"menu_order":0,"comment_status":"closed","ping_status":"closed","template":"","meta":{"_joinchat":[],"footnotes":""},"class_list":["post-9593","page","type-page","status-publish","hentry"],"_links":{"self":[{"href":"https:\/\/www.fidex.com.mx\/en\/wp-json\/wp\/v2\/pages\/9593","targetHints":{"allow":["GET"]}}],"collection":[{"href":"https:\/\/www.fidex.com.mx\/en\/wp-json\/wp\/v2\/pages"}],"about":[{"href":"https:\/\/www.fidex.com.mx\/en\/wp-json\/wp\/v2\/types\/page"}],"author":[{"embeddable":true,"href":"https:\/\/www.fidex.com.mx\/en\/wp-json\/wp\/v2\/users\/1"}],"replies":[{"embeddable":true,"href":"https:\/\/www.fidex.com.mx\/en\/wp-json\/wp\/v2\/comments?post=9593"}],"version-history":[{"count":7,"href":"https:\/\/www.fidex.com.mx\/en\/wp-json\/wp\/v2\/pages\/9593\/revisions"}],"predecessor-version":[{"id":10187,"href":"https:\/\/www.fidex.com.mx\/en\/wp-json\/wp\/v2\/pages\/9593\/revisions\/10187"}],"wp:attachment":[{"href":"https:\/\/www.fidex.com.mx\/en\/wp-json\/wp\/v2\/media?parent=9593"}],"curies":[{"name":"wp","href":"https:\/\/api.w.org\/{rel}","templated":true}]}}